{"id":507,"date":"2024-12-08T17:19:20","date_gmt":"2024-12-08T16:19:20","guid":{"rendered":"https:\/\/claudiedumontart.com\/?post_type=product&#038;p=507"},"modified":"2024-12-08T17:28:47","modified_gmt":"2024-12-08T16:28:47","slug":"la-sarong","status":"publish","type":"product","link":"https:\/\/claudiedumontart.com\/index.php\/product\/la-sarong\/","title":{"rendered":"La Sarong"},"content":{"rendered":"<div class=\"\">\n<div>Le sarong est une grande \u00e9toffe utilis\u00e9e par les femmes indiennes pour envelopper et porter les enfants.<\/div>\n<div><\/div>\n<div class=\"\">Pastel sec sur papier Pastelmat (papier sabl\u00e9)<\/div>\n<div class=\"\">Dimension du dessin : 101 X 79 \u00a0CM<\/div>\n<div>Cadre et verre anti-reflet inclus<\/div>\n<\/div>\n<div>\n<div class=\"\"><\/div>\n<div class=\"\">Livr\u00e9 avec un certificat d\u2019authenticit\u00e9.<\/div>\n<\/div>\n","protected":false},"excerpt":{"rendered":"<p>Le sarong est une grande \u00e9toffe utilis\u00e9e par les femmes indiennes pour envelopper et porter les enfants. Pastel sec sur papier Pastelmat (papier sabl\u00e9) Dimension du dessin : 101 X 79 \u00a0CM Cadre et verre anti-reflet inclus Livr\u00e9 avec un certificat d\u2019authenticit\u00e9.<\/p>\n","protected":false},"featured_media":508,"comment_status":"open","ping_status":"closed","template":"","meta":{"saved_in_kubio":false,"_monsterinsights_skip_tracking":false,"_monsterinsights_sitenote_active":false,"_monsterinsights_sitenote_note":"","_monsterinsights_sitenote_category":0},"product_cat":[32,29],"product_tag":[],"aioseo_notices":[],"_links":{"self":[{"href":"https:\/\/claudiedumontart.com\/index.php\/wp-json\/wp\/v2\/product\/507"}],"collection":[{"href":"https:\/\/claudiedumontart.com\/index.php\/wp-json\/wp\/v2\/product"}],"about":[{"href":"https:\/\/claudiedumontart.com\/index.php\/wp-json\/wp\/v2\/types\/product"}],"replies":[{"embeddable":true,"href":"https:\/\/claudiedumontart.com\/index.php\/wp-json\/wp\/v2\/comments?post=507"}],"wp:featuredmedia":[{"embeddable":true,"href":"https:\/\/claudiedumontart.com\/index.php\/wp-json\/wp\/v2\/media\/508"}],"wp:attachment":[{"href":"https:\/\/claudiedumontart.com\/index.php\/wp-json\/wp\/v2\/media?parent=507"}],"wp:term":[{"taxonomy":"product_cat","embeddable":true,"href":"https:\/\/claudiedumontart.com\/index.php\/wp-json\/wp\/v2\/product_cat?post=507"},{"taxonomy":"product_tag","embeddable":true,"href":"https:\/\/claudiedumontart.com\/index.php\/wp-json\/wp\/v2\/product_tag?post=507"}],"curies":[{"name":"wp","href":"https:\/\/api.w.org\/{rel}","templated":true}]}}